{"id":1070,"date":"2024-07-13T09:46:16","date_gmt":"2024-07-13T09:46:16","guid":{"rendered":"https:\/\/cocinasllanes.com\/?page_id=1070"},"modified":"2024-07-13T09:47:49","modified_gmt":"2024-07-13T09:47:49","slug":"1070-2","status":"publish","type":"page","link":"https:\/\/cocinasllanes.com\/en\/1070-2\/","title":{"rendered":"Pol\u00edtica de Cookies"},"content":{"rendered":"<p><b><i>C\u00f3mo cumplir con la normativa de cookies<\/i><\/b><\/p>\n<p><b>Pol\u00edtica de cookies.<\/b><\/p>\n<p><span style=\"font-weight: 400;\">Tras las \u00faltimas modificaciones legales, es necesario el consentimiento previo de los usuarios de una p\u00e1gina web para que esta pueda llevar a cabo la instalaci\u00f3n de las cookies. Este consentimiento es preciso que sea expl\u00edcito.<\/span><\/p>\n<p><span style=\"font-weight: 400;\">Una posible forma de obtener este consentimiento, por tanto, ser\u00eda que aparezca la informaci\u00f3n sobre las cookies, y que se presente un bot\u00f3n para aceptar las mismas. Una vez se pulse el bot\u00f3n se permitir\u00e1 que las cookies se instalen en el dispositivo del usuario.<\/span><\/p>\n<p><span style=\"font-weight: 400;\">Consideramos que la forma m\u00e1s sencilla para el suministro de la informaci\u00f3n y la obtenci\u00f3n del consentimiento por parte del usuario para la instalaci\u00f3n de las cookies, es la llamada \u201cinformaci\u00f3n en dos capas\u201d<\/span><\/p>\n<p><b>Primera capa: <\/b><span style=\"font-weight: 400;\">Esta informaci\u00f3n deber\u00e1 ser visible cuando el usuario acceda a la p\u00e1gina web. Recomendamos facilitar la informaci\u00f3n a trav\u00e9s de un banner o pop up con el siguiente texto:<\/span><\/p>\n<table>\n<tbody>\n<tr>\n<td><i><span style=\"font-weight: 400;\">Este sitio web utiliza cookies propias y\/o de terceros para mejorar nuestros servicios, elaborar informaci\u00f3n estad\u00edstica y optimizar su navegaci\u00f3n. Puede consultar mas informaci\u00f3n en nuestra <\/span><\/i><a href=\"https:\/\/cocinasllanes.com\/en\/personalizar-cookies\/\"><i><span style=\"font-weight: 400;\">pol\u00edtica de cookies<\/span><\/i><\/a><i><span style=\"font-weight: 400;\">\u00a0 <\/span><\/i><b>ACEPTO \u2013 NO ACEPTO &#8211; CONFIGURAR<\/b><\/td>\n<\/tr>\n<\/tbody>\n<\/table>\n<p><span style=\"font-weight: 400;\">Insistimos que <\/span><b>las cookies no se podr\u00e1n instalar hasta que el usuario haya consentido la instalaci\u00f3n de las mismas<\/b><span style=\"font-weight: 400;\">. La mera colocaci\u00f3n de este aviso no es suficiente si las cookies se instalan desde el mismo momento en que el usuario accede a la p\u00e1gina.<\/span><\/p>\n<p><span style=\"font-weight: 400;\">Es importante recalcar que una vez aceptadas o rechazadas las cookies, <\/span><b>se deber\u00e1 de poder volver a modificar el consentimiento otorgado<\/b><span style=\"font-weight: 400;\"> en alg\u00fan apartado de la pagina web o plugin de cookies.<\/span><\/p>\n<p><b>Segunda capa: Pol\u00edtica de cookies.<\/b><\/p>\n<p><span style=\"font-weight: 400;\">\u00a0La AEPD recomienda que la pol\u00edtica de cookies sea independiente del Aviso Legal y de la pol\u00edtica de privacidad.<\/span><\/p>\n<p><b>POLITICA DE COOKIES<\/b><\/p>\n<p><span style=\"font-weight: 400;\">En cumplimiento de la Ley 34\/2002, de 11 de julio, de Servicios de la Sociedad de la Informaci\u00f3n y Comercio Electr\u00f3nico le informamos de que este sitio web, al igual que la mayor\u00eda de los sitios en Internet, usa Cookies para mejorar y optimizar la experiencia del usuario. A continuaci\u00f3n encontrar\u00e1 informaci\u00f3n detallada sobre qu\u00e9 son las \u201cCookies\u201d, qu\u00e9 tipolog\u00eda utiliza este sitio web, c\u00f3mo cambiar la configuraci\u00f3n de sus cookies, y qu\u00e9\u00a0 ocurre si deshabilita las Cookies.\u00a0<\/span><\/p>\n<p><b>\u00bfQu\u00e9 son las Cookies?\u00a0<\/b><\/p>\n<p><span style=\"font-weight: 400;\">Una cookie es un peque\u00f1o archivo que se descarga en el equipo del usuario con la finalidad de almacenar datos, los cuales podr\u00e1n ser actualizados y recuperados por la entidad responsable de su instalaci\u00f3n.\u00a0<\/span><\/p>\n<p><b>\u00bfQu\u00e9 tipo de Cookies utiliza esta p\u00e1gina web?\u00a0<\/b><\/p>\n<p><span style=\"font-weight: 400;\">A continuaci\u00f3n se muestra una tabla con las <\/span><b>Cookies <\/b><span style=\"font-weight: 400;\">utilizadas en este sitio web:<\/span><\/p>\n<table>\n<tbody>\n<tr>\n<td><b>DOMINIO<\/b><\/td>\n<td><b>NOMBRE DE LA COOKIE<\/b><\/td>\n<td><b>DESCRIPCION \/ FINALIDAD<\/b><\/td>\n<td><b>PROVEEDOR<\/b><\/td>\n<td><b>CADUCIDAD<\/b><\/td>\n<\/tr>\n<tr>\n<td>cocinasllanes.com<\/td>\n<td>\n<ul>\n<li><strong>PHPSESSID<\/strong><br \/>\nCookie generated by applications based on the PHP language.\u00a0privacidad:\u00a0<a href=\"https:\/\/www.php.net\/privacy.php\" target=\"_blank\" rel=\"noopener\">https:\/\/www.php.net\/privacy.php<\/a><\/li>\n<\/ul>\n<ul>\n<li><strong>wordpress_test_cookie<\/strong><br \/>\nCookie set by WordPress to check if the cookies are enabled on the browser to provide appropriate user experience to the users<br \/>\nPol\u00edtica de privacidad:\u00a0<a href=\"https:\/\/cocinasllanes.com\/en\/politica-de-cookies\/N\/A\/\">N\/A<\/a><\/li>\n<\/ul>\n<\/td>\n<td><span style=\"font-weight: 400;\">Analitica web<\/span><\/td>\n<td><span style=\"font-weight: 400;\">Propias<\/span><\/td>\n<td><span style=\"font-weight: 400;\">2 a\u00f1os desde que se creo inicialmente o se restableci\u00f3<\/span><\/td>\n<\/tr>\n<tr>\n<td><\/td>\n<td><\/td>\n<td><\/td>\n<td><\/td>\n<td><\/td>\n<\/tr>\n<\/tbody>\n<\/table>\n<p><b>\u00bfC\u00f3mo puede configurar sus Cookies?\u00a0<\/b><\/p>\n<p><span style=\"font-weight: 400;\">Al navegar y continuar en nuestro sitio web estar\u00e1 consintiendo el uso de las Cookies en las condiciones contenidas en la presente Pol\u00edtica de Cookies. Usted como usuario tiene la posibilidad de ejercer su derecho a bloquear, eliminar y rechazar el uso de Cookies, en todo momento, modificando las opciones de su navegador<\/span><\/p>\n<p><span style=\"font-weight: 400;\">Por ejemplo:\u00a0<\/span><\/p>\n<ol>\n<li><b>Internet Explorer<\/b><span style=\"font-weight: 400;\">: Herramientas &gt; Opciones de Internet &gt; Privacidad &gt; Configuraci\u00f3n.\u00a0<\/span><\/li>\n<\/ol>\n<p><span style=\"font-weight: 400;\">Para m\u00e1s informaci\u00f3n, puede consultar el soporte de Microsoft o la Ayuda del navegador.\u00a0<\/span><\/p>\n<ol start=\"2\">\n<li><b>Mozilla Firefox<\/b><span style=\"font-weight: 400;\">: Herramientas &gt; Opciones &gt; Privacidad &gt; Historial &gt; Configuraci\u00f3n Personalizada.\u00a0<\/span><\/li>\n<\/ol>\n<p><span style=\"font-weight: 400;\">Para m\u00e1s informaci\u00f3n, puede consultar el soporte de Mozilla o la Ayuda del navegador.\u00a0<\/span><\/p>\n<ol start=\"3\">\n<li><b>Google Chrome<\/b><span style=\"font-weight: 400;\">: Configuraci\u00f3n &gt; Mostrar opciones avanzadas &gt; Privacidad -&gt; Configuraci\u00f3n de contenido.\u00a0<\/span><\/li>\n<\/ol>\n<p><span style=\"font-weight: 400;\">Para m\u00e1s informaci\u00f3n, puede consultar el soporte de Google o la Ayuda del navegador.\u00a0<\/span><\/p>\n<ol start=\"4\">\n<li><b>Safari<\/b><span style=\"font-weight: 400;\">: Preferencias &gt; Seguridad.\u00a0<\/span><\/li>\n<\/ol>\n<p><span style=\"font-weight: 400;\">Para m\u00e1s informaci\u00f3n, puede consultar el soporte de Apple o la Ayuda del navegador.\u00a0<\/span><\/p>\n<ol start=\"5\">\n<li><b>Opera<\/b><span style=\"font-weight: 400;\">: Configuraci\u00f3n &gt; Opciones &gt; Avanzado &gt; Cookies\u00a0<\/span><\/li>\n<\/ol>\n<p><span style=\"font-weight: 400;\">Para m\u00e1s informaci\u00f3n, puede consultar el soporte de Opera o la Ayuda del navegador.\u00a0<\/span><\/p>\n<p><span style=\"font-weight: 400;\">Si usa otro navegador distinto a los anteriores, consulte su pol\u00edtica de instalaci\u00f3n, uso y bloqueo de cookies.<\/span><\/p>\n<p><b>\u00bfQu\u00e9 ocurre si se deshabilitan las Cookies?<\/b><\/p>\n<p><span style=\"font-weight: 400;\">Algunas funcionalidades de los Servicios o \u00e1reas de este sitio web podr\u00edan no funcionar correctamente.<\/span><\/p>\n<p><b>\u00bfActualizamos nuestra pol\u00edtica de Cookies?<\/b><\/p>\n<p><span style=\"font-weight: 400;\">Es posible que actualicemos la pol\u00edtica de Cookies de nuestra p\u00e1gina web, por ello, le recomendamos revisar esta pol\u00edtica cada vez que acceda a nuestro sitio web con el objetivo de estar adecuadamente informado sobre c\u00f3mo y para que usamos las Cookies.<\/span><\/p>\n<p><span style=\"font-weight: 400;\">Fecha de la \u00faltima modificaci\u00f3n: 12-07-2024<\/span><\/p>","protected":false},"excerpt":{"rendered":"<p>C\u00f3mo cumplir con la normativa de cookies Pol\u00edtica de cookies. Tras las \u00faltimas modificaciones legales, es necesario el consentimiento previo de los usuarios de una p\u00e1gina web para que esta pueda llevar a cabo la instalaci\u00f3n de las cookies. Este consentimiento es preciso que sea expl\u00edcito. Una posible forma de obtener este consentimiento, por tanto, [&hellip;]<\/p>\n","protected":false},"author":1,"featured_media":0,"parent":0,"menu_order":0,"comment_status":"closed","ping_status":"closed","template":"","meta":{"footnotes":""},"class_list":["post-1070","page","type-page","status-publish","hentry"],"_links":{"self":[{"href":"https:\/\/cocinasllanes.com\/en\/wp-json\/wp\/v2\/pages\/1070","targetHints":{"allow":["GET"]}}],"collection":[{"href":"https:\/\/cocinasllanes.com\/en\/wp-json\/wp\/v2\/pages"}],"about":[{"href":"https:\/\/cocinasllanes.com\/en\/wp-json\/wp\/v2\/types\/page"}],"author":[{"embeddable":true,"href":"https:\/\/cocinasllanes.com\/en\/wp-json\/wp\/v2\/users\/1"}],"replies":[{"embeddable":true,"href":"https:\/\/cocinasllanes.com\/en\/wp-json\/wp\/v2\/comments?post=1070"}],"version-history":[{"count":2,"href":"https:\/\/cocinasllanes.com\/en\/wp-json\/wp\/v2\/pages\/1070\/revisions"}],"predecessor-version":[{"id":1072,"href":"https:\/\/cocinasllanes.com\/en\/wp-json\/wp\/v2\/pages\/1070\/revisions\/1072"}],"wp:attachment":[{"href":"https:\/\/cocinasllanes.com\/en\/wp-json\/wp\/v2\/media?parent=1070"}],"curies":[{"name":"wp","href":"https:\/\/api.w.org\/{rel}","templated":true}]}}