{"id":1076,"date":"2024-07-13T09:59:48","date_gmt":"2024-07-13T09:59:48","guid":{"rendered":"https:\/\/cocinasllanes.com\/?page_id=1076"},"modified":"2024-07-13T09:59:50","modified_gmt":"2024-07-13T09:59:50","slug":"politica-privacidad","status":"publish","type":"page","link":"https:\/\/cocinasllanes.com\/en\/politica-privacidad\/","title":{"rendered":"POL\u00cdTICA PRIVACIDAD"},"content":{"rendered":"<p><span style=\"font-weight: 400;\">En cumplimiento de las obligaciones establecidas en la Ley Org\u00e1nica 3\/2018, de 5 de diciembre, de Protecci\u00f3n de Datos Personales y Garant\u00eda\u00a0 de los Derechos Digitales se le facilita la informaci\u00f3n relativa al tratamiento de sus datos personales:\u00a0<\/span><\/p>\n<p><b>\u00bfQui\u00e9n es el responsable del tratamiento de tus datos?<\/b><\/p>\n<p><span style=\"font-weight: 400;\">GABINO ALVAREZ GONZALEZ.\u00a0 CIF: 09437065G<\/span><\/p>\n<p><span style=\"font-weight: 400;\">Domicilio: POL. IND. POSADA DE LLANES, NAVE 35 33594, POSADA DE LLANES.<\/span><\/p>\n<p><span style=\"font-weight: 400;\">Tfno: 608539113<\/span><\/p>\n<p><span style=\"font-weight: 400;\">Mail: info@cocinasllanes.com<\/span><\/p>\n<p><span style=\"font-weight: 400;\">Web: www.cocinasllanes.com\u00a0<\/span><\/p>\n<p><span style=\"font-weight: 400;\">Puedes dirigirte de cualquier forma para comunicarte con nosotros.<\/span><\/p>\n<p><span style=\"font-weight: 400;\">Nos reservamos el derecho a modificar o adaptar la presente Pol\u00edtica de Privacidad en cualquier momento. Te recomendamos revisar la misma, y si te has registrado y accedes a tu cuenta o perfil, se te informar\u00e1 de las modificaciones.<\/span><\/p>\n<p><span style=\"font-weight: 400;\">Si eres alguno de los siguientes colectivos, consulta la informaci\u00f3n desplegable:<\/span><\/p>\n<p><b>+ CONTACTOS DE LA WEB O DEL CORREO ELECTR\u00d3NICO<\/b><\/p>\n<p><b>\u00bfQu\u00e9 datos recopilamos a trav\u00e9s de la Web?<\/b><\/p>\n<p><span style=\"font-weight: 400;\">Podemos tratar tu IP, qu\u00e9 sistema operativo o navegador usas, e incluso la duraci\u00f3n de tu visita, de forma an\u00f3nima.<\/span><\/p>\n<p><span style=\"font-weight: 400;\">Si nos facilitas datos en el formulario de contacto, te identificar\u00e1s para poder contactar contigo, en caso de que sea necesario.<\/span><\/p>\n<p><b>\u00bfCon que finalidades vamos a tratar sus datos personales?<\/b><\/p>\n<ul>\n<li style=\"font-weight: 400;\" aria-level=\"1\"><span style=\"font-weight: 400;\">Contestar a tus consultas, solicitudes o peticiones.<\/span><\/li>\n<li style=\"font-weight: 400;\" aria-level=\"1\"><span style=\"font-weight: 400;\">Gestionar el servicio solicitado, contestar tu solicitud, o tramitar tu petici\u00f3n.<\/span><\/li>\n<li style=\"font-weight: 400;\" aria-level=\"1\"><span style=\"font-weight: 400;\">Informaci\u00f3n por medios electr\u00f3nicos, que versen sobre tu solicitud.<\/span><\/li>\n<li style=\"font-weight: 400;\" aria-level=\"1\"><span style=\"font-weight: 400;\">Informaci\u00f3n comercial o de eventos por medios electr\u00f3nicos, siempre que exista autorizaci\u00f3n expresa.<\/span><\/li>\n<li style=\"font-weight: 400;\" aria-level=\"1\"><span style=\"font-weight: 400;\">Realizar an\u00e1lisis y mejoras en la Web, sobre nuestros productos y servicios.\u00a0 Mejorar nuestra estrategia comercial.<\/span><\/li>\n<\/ul>\n<p><b>\u00bfCu\u00e1l es la legitimaci\u00f3n para el tratamiento de tus datos?<\/b><\/p>\n<p><span style=\"font-weight: 400;\">La aceptaci\u00f3n y consentimiento del interesado: En aquellos casos donde para realizar una solicitud sea necesario cumplimentar un formulario y hacer un \u00abclick\u00bb en el bot\u00f3n de enviar, la realizaci\u00f3n del mismo implicar\u00e1 necesariamente que ha sido informado y ha otorgado expresamente su consentimiento al contenido de la cl\u00e1usula anexada a dicho formulario o aceptaci\u00f3n de la pol\u00edtica de privacidad.<\/span><\/p>\n<p><span style=\"font-weight: 400;\">Todos nuestros formularios cuentan con el s\u00edmbolo * en los datos obligatorios. Si no facilitas esos campos, o no marcas el checkbox de aceptaci\u00f3n de la pol\u00edtica de privacidad, no se permitir\u00e1 el env\u00edo de la informaci\u00f3n. Normalmente tiene la siguiente f\u00f3rmula: \u201c\u25a1 Soy mayor de 14 y he le\u00eddo y acepto la Pol\u00edtica de privacidad.\u201d<\/span><\/p>\n<p><b>+ CLIENTES<\/b><\/p>\n<p><b>\u00bfCon que finalidades vamos a tratar tus datos personales?<\/b><\/p>\n<ul>\n<li style=\"font-weight: 400;\" aria-level=\"1\"><span style=\"font-weight: 400;\">Elaboraci\u00f3n del presupuesto y seguimiento del mismo mediante comunicaciones entre ambas partes.<\/span><\/li>\n<li style=\"font-weight: 400;\" aria-level=\"1\"><span style=\"font-weight: 400;\">Informaci\u00f3n por medios electr\u00f3nicos, que versen sobre tu solicitud.<\/span><\/li>\n<li style=\"font-weight: 400;\" aria-level=\"1\"><span style=\"font-weight: 400;\">Informaci\u00f3n comercial o de eventos por medios electr\u00f3nicos, siempre que exista autorizaci\u00f3n expresa.<\/span><\/li>\n<li style=\"font-weight: 400;\" aria-level=\"1\"><span style=\"font-weight: 400;\">Gestionar los servicios administrativos, de comunicaciones y de log\u00edstica realizados por el Responsable.<\/span><\/li>\n<li style=\"font-weight: 400;\" aria-level=\"1\"><span style=\"font-weight: 400;\">Facturaci\u00f3n y declaraci\u00f3n de los impuestos oportunos..<\/span><\/li>\n<\/ul>\n<ul>\n<li style=\"font-weight: 400;\" aria-level=\"1\"><span style=\"font-weight: 400;\">Realizar las transacciones que correspondan.<\/span><\/li>\n<li style=\"font-weight: 400;\" aria-level=\"1\"><span style=\"font-weight: 400;\">Gestiones de control y recobro.<\/span><\/li>\n<\/ul>\n<p><b>+ PROVEEDORES<\/b><\/p>\n<p><b>\u00bfCon que finalidades vamos a tratar tus datos personales?<\/b><\/p>\n<ul>\n<li style=\"font-weight: 400;\" aria-level=\"1\"><span style=\"font-weight: 400;\">Informaci\u00f3n por medios electr\u00f3nicos, que versen sobre tu solicitud.<\/span><\/li>\n<li style=\"font-weight: 400;\" aria-level=\"1\"><span style=\"font-weight: 400;\">Informaci\u00f3n comercial o de eventos por medios electr\u00f3nicos, siempre que exista autorizaci\u00f3n expresa.<\/span><\/li>\n<li style=\"font-weight: 400;\" aria-level=\"1\"><span style=\"font-weight: 400;\">Gestionar los servicios administrativos, de comunicaciones y de log\u00edstica realizados por el Responsable.<\/span><\/li>\n<li style=\"font-weight: 400;\" aria-level=\"1\"><span style=\"font-weight: 400;\">Facturaci\u00f3n.<\/span><\/li>\n<\/ul>\n<ul>\n<li style=\"font-weight: 400;\" aria-level=\"1\"><span style=\"font-weight: 400;\">Realizar las transacciones que correspondan.<\/span><\/li>\n<li style=\"font-weight: 400;\" aria-level=\"1\"><span style=\"font-weight: 400;\">Facturaci\u00f3n y declaraci\u00f3n de los impuestos oportunos.<\/span><\/li>\n<li style=\"font-weight: 400;\" aria-level=\"1\"><span style=\"font-weight: 400;\">Gestiones de control y recobro.<\/span><\/li>\n<\/ul>\n<p><b>\u00bfCu\u00e1l es la legitimaci\u00f3n para el tratamiento de tus datos?<\/b><\/p>\n<p><span style=\"font-weight: 400;\">La base legal es la aceptaci\u00f3n de una relaci\u00f3n contractual, o en su defecto tu consentimiento al contactar con nosotros u ofrecernos sus productos por alguna v\u00eda.<\/span><b><br \/>\n<\/b> <b>+ CONTACTOS REDES SOCIALES<\/b><\/p>\n<p><b>\u00bfCon que finalidades vamos a tratar tus datos personales?<\/b><\/p>\n<ul>\n<li style=\"font-weight: 400;\" aria-level=\"1\"><span style=\"font-weight: 400;\">Contestar a tus consultas, solicitudes\u00a0 o peticiones.<\/span><\/li>\n<li style=\"font-weight: 400;\" aria-level=\"1\"><span style=\"font-weight: 400;\">Gestionar el servicio solicitado, contestar tu solicitud, o tramitar tu petici\u00f3n.<\/span><\/li>\n<li style=\"font-weight: 400;\" aria-level=\"1\"><span style=\"font-weight: 400;\">Relacionarnos contigo y crear una comunidad de seguidores.<\/span><\/li>\n<\/ul>\n<p><b>\u00bfCu\u00e1l es la legitimaci\u00f3n para el tratamiento de tus datos?<\/b><\/p>\n<p><span style=\"font-weight: 400;\">La aceptaci\u00f3n de una relaci\u00f3n contractual en el entorno de la red social que corresponda, y conforme a sus pol\u00edticas de Privacidad:<\/span><\/p>\n<p><span style=\"font-weight: 400;\">Facebook <\/span> <a href=\"http:\/\/www.facebook.com\/policy.php?ref=pf\" target=\"_blank\" rel=\"noopener\"><span style=\"font-weight: 400;\">http:\/\/www.facebook.com\/policy.php?ref=pf<\/span><\/a><\/p>\n<p><span style=\"font-weight: 400;\">Instagram<\/span> <a href=\"https:\/\/privacycenter.instagram.com\/policy\/?entry_point=ig_help_center_data_policy_redirect\" target=\"_blank\" rel=\"noopener\"><span style=\"font-weight: 400;\">https:\/\/privacycenter.instagram.com\/policy\/?entry_point=ig_help_center_data_policy_redirect<\/span><\/a><span style=\"font-weight: 400;\">\u00a0<\/span><\/p>\n<p><span style=\"font-weight: 400;\">Twitter\u00a0 \u00a0 <\/span> <a href=\"http:\/\/twitter.com\/privacy\" target=\"_blank\" rel=\"noopener\"><span style=\"font-weight: 400;\">http:\/\/twitter.com\/privacy<\/span><\/a><\/p>\n<p><span style=\"font-weight: 400;\">Linkedin<\/span> <a href=\"http:\/\/www.linkedin.com\/legal\/privacy-policy?trk=hb_ft_priv\" target=\"_blank\" rel=\"noopener\"><span style=\"font-weight: 400;\">http:\/\/www.linkedin.com\/legal\/privacy-policy?trk=hb_ft_priv<\/span><\/a><\/p>\n<p><span style=\"font-weight: 400;\">Pinterest<\/span> <a href=\"https:\/\/about.pinterest.com\/es\/privacy-policy\" target=\"_blank\" rel=\"noopener\"><span style=\"font-weight: 400;\">https:\/\/about.pinterest.com\/es\/privacy-policy<\/span><\/a><\/p>\n<p><span style=\"font-weight: 400;\">Youtube <\/span> <a href=\"http:\/\/www.google.com\/intl\/es\/policies\/privacy\/\" target=\"_blank\" rel=\"noopener\"><span style=\"font-weight: 400;\">http:\/\/www.google.com\/intl\/es\/policies\/privacy\/<\/span><\/a><\/p>\n<p><b>\u00bfDurante cu\u00e1nto tiempo vamos a mantener los datos personales?<\/b><\/p>\n<p><span style=\"font-weight: 400;\">S\u00f3lo podemos consultar o dar de baja tus datos de forma restringida al tener un perfil espec\u00edfico. Los trataremos tanto tiempo como tu nos dejes sigui\u00e9ndonos, siendo amigos o d\u00e1ndole a \u201cme gusta\u201d, \u201cseguir\u201d o botones similares.<\/span><\/p>\n<p><span style=\"font-weight: 400;\">Cualquier rectificaci\u00f3n de tus datos o restricci\u00f3n de informaci\u00f3n o de publicaciones debes realizarla a trav\u00e9s de la configuraci\u00f3n de tu perfil o usuario en la propia red social.<\/span><\/p>\n<p><b>+ DEMANDANTES DE EMPLEO<\/b><\/p>\n<p><b>\u00bfCon que finalidades vamos a tratar tus datos personales?<\/b><\/p>\n<ul>\n<li style=\"font-weight: 400;\" aria-level=\"1\"><span style=\"font-weight: 400;\">Organizaci\u00f3n de procesos de selecci\u00f3n para la contrataci\u00f3n de empleados.<\/span><\/li>\n<\/ul>\n<ul>\n<li style=\"font-weight: 400;\" aria-level=\"1\"><span style=\"font-weight: 400;\">Citarte para entrevistas de trabajo y evaluar tu candidatura.<\/span><\/li>\n<li style=\"font-weight: 400;\" aria-level=\"1\"><span style=\"font-weight: 400;\">Si nos has dado tu consentimiento, se lo podremos ceder a empresas colaboradoras o afines, con el \u00fanico objetivo de ayudarte a encontrar empleo.<\/span><\/li>\n<li style=\"font-weight: 400;\" aria-level=\"1\"><span style=\"font-weight: 400;\">Si marcas el checkbox de aceptaci\u00f3n de la pol\u00edtica de privacidad, nos das tu consentimiento para ceder tu solicitud de empleo a las entidades que componen el grupo de empresas con el objetivo de incluirte en sus procesos de selecci\u00f3n de personal<\/span><\/li>\n<\/ul>\n<p><span style=\"font-weight: 400;\">Asimismo, te comunicamos que transcurrido un a\u00f1o desde la recepci\u00f3n de tu curr\u00edculum vitae, procederemos a su destrucci\u00f3n segura.<\/span><\/p>\n<p><b>\u00bfCu\u00e1l es la legitimaci\u00f3n para el tratamiento de tus datos?<\/b><\/p>\n<p><span style=\"font-weight: 400;\">La base legal es tu consentimiento inequ\u00edvoco, al enviarnos tu CV.<\/span><\/p>\n<p><b>+ VIDEOVIGILANCIA<\/b><\/p>\n<p><b>\u00bfCon que finalidades vamos a tratar tus datos personales?<\/b><\/p>\n<ul>\n<li style=\"font-weight: 400;\" aria-level=\"1\"><span style=\"font-weight: 400;\">Garantizar la seguridad y el acceso a las instalaciones.\u00a0<\/span><\/li>\n<li style=\"font-weight: 400;\" aria-level=\"1\"><span style=\"font-weight: 400;\">Control del trabajo de los empleados y dem\u00e1s personal an\u00e1logo.\u00a0<\/span><\/li>\n<li style=\"font-weight: 400;\" aria-level=\"1\"><span style=\"font-weight: 400;\">Evaluar la calidad del Servicio.<\/span><\/li>\n<\/ul>\n<p><b>\u00bfCual es la legitimaci\u00f3n para tratar tus datos personales?<\/b><span style=\"font-weight: 400;\">:<\/span><\/p>\n<ul>\n<li style=\"font-weight: 400;\" aria-level=\"1\"><span style=\"font-weight: 400;\">Proteger inter\u00e9s p\u00fablico<\/span><\/li>\n<\/ul>\n<p><b>\u00bfA quien podremos comunicar tus datos personales?<\/b><span style=\"font-weight: 400;\">\u00a0<\/span><\/p>\n<p><span style=\"font-weight: 400;\">Los cuerpos y fuerzas de seguridad del estado, y\/o los jueces y tribunales:<\/span><\/p>\n<ul>\n<li style=\"font-weight: 400;\" aria-level=\"1\"><span style=\"font-weight: 400;\">En casos de comisi\u00f3n de actos delictivos, verificaci\u00f3n de faltas graves, y situaciones an\u00e1logas.<\/span><\/li>\n<li style=\"font-weight: 400;\" aria-level=\"1\"><span style=\"font-weight: 400;\">Para ejercitar acciones leg\u00edtimas en base al derecho a nuestra tutela judicial efectiva.<\/span><\/li>\n<\/ul>\n<p><span style=\"font-weight: 400;\">\u00a0\u00a0<\/span><b>\u00bfDurante cuanto tiempo vamos a almacenar tus datos personales?<\/b><\/p>\n<p><span style=\"font-weight: 400;\">Como m\u00e1ximo, durante un periodo de 30 d\u00edas.<\/span><\/p>\n<p><b>\u00bfIncluimos datos personales de terceras personas?<\/b><\/p>\n<p><span style=\"font-weight: 400;\">No, como norma general s\u00f3lo tratamos los datos que nos facilitan los titulares. Si\u00a0 nos aportas datos de terceros, deber\u00e1s con car\u00e1cter previo, informar y solicitar su consentimiento a dichas personas, o de lo contrario nos eximes de cualquier responsabilidad por el incumplimiento de \u00e9ste requisito.<\/span><\/p>\n<p><b>\u00bfY datos de menores?<\/b><\/p>\n<p><span style=\"font-weight: 400;\">No tratamos datos de menores de 18 a\u00f1os. Por tanto, abst\u00e9ngase de facilitarlos si no tiene esa edad o, en su caso, de facilitar datos de terceros que no tengan la citada edad. GABINO ALVAREZ GONZALEZ se exime de cualquier responsabilidad por el incumplimiento de esta previsi\u00f3n.<\/span><\/p>\n<p><b>\u00bfRealizaremos comunicaciones por medios electr\u00f3nicos?<\/b><\/p>\n<ul>\n<li style=\"font-weight: 400;\" aria-level=\"1\"><span style=\"font-weight: 400;\">S\u00f3lo se realizar\u00e1n para gestionar tu solicitud, si es uno de los medios de contacto que nos ha facilitado.<\/span><\/li>\n<li style=\"font-weight: 400;\" aria-level=\"1\"><span style=\"font-weight: 400;\">Si realizamos comunicaciones comerciales habr\u00e1n sido previa y expresamente\u00a0 autorizadas por t\u00ed.<\/span><\/li>\n<\/ul>\n<p><b>\u00bfQu\u00e9 medidas de seguridad aplicamos?<\/b><\/p>\n<p><span style=\"font-weight: 400;\">Puedes estar tranquilo: Hemos adoptado un nivel \u00f3ptimo de protecci\u00f3n de los Datos Personales que manejamos, y hemos instalado todos los medios y medidas t\u00e9cnicas a nuestra disposici\u00f3n seg\u00fan el estado de la tecnolog\u00eda para evitar la p\u00e9rdida, mal uso, alteraci\u00f3n, acceso no autorizado y robo de los Datos Personales.<\/span><\/p>\n<p><b>\u00bfA qu\u00e9 destinatarios se comunicar\u00e1n tus datos?<\/b><\/p>\n<p><span style=\"font-weight: 400;\">Tus datos no se ceder\u00e1n a terceros, salvo obligaci\u00f3n legal. En concreto se comunicar\u00e1n a la Agencia Estatal de la Administraci\u00f3n Tributaria y a bancos y entidades financieras para el cobro del servicio prestado o producto adquirido Como a los encargados del tratamiento necesarios para la ejecuci\u00f3n del acuerdo.<\/span><\/p>\n<p><span style=\"font-weight: 400;\">En caso de compra o pago, si eliges alguna aplicaci\u00f3n, web, plataforma, tarjeta bancaria, o alg\u00fan otro servicio online, tus datos se ceder\u00e1n a esa plataforma o se tratar\u00e1n en su entorno, siempre con la m\u00e1xima seguridad.<\/span><\/p>\n<p><span style=\"font-weight: 400;\">Cuando se lo ordenemos, tendr\u00e1n acceso a nuestra web la empresa de desarrollo y mantenimiento web, o la de hosting. Las mismas tendr\u00e1n firmado un contrato de prestaci\u00f3n de servicios que les obliga a mantener el mismo nivel de privacidad que nosotros.<\/span><\/p>\n<p><b>\u00bfQu\u00e9 Derechos tienes?<\/b><\/p>\n<ul>\n<li style=\"font-weight: 400;\" aria-level=\"1\"><span style=\"font-weight: 400;\">A saber si estamos tratando tus datos o no.<\/span><\/li>\n<li style=\"font-weight: 400;\" aria-level=\"1\"><span style=\"font-weight: 400;\">A acceder a tus datos personales.<\/span><\/li>\n<li style=\"font-weight: 400;\" aria-level=\"1\"><span style=\"font-weight: 400;\">A solicitar la rectificaci\u00f3n de tus datos si son inexactos.<\/span><\/li>\n<li style=\"font-weight: 400;\" aria-level=\"1\"><span style=\"font-weight: 400;\">A solicitar la supresi\u00f3n de tus datos si ya no son necesarios para los fines para los que fueron recogidos o si nos retiras el consentimiento otorgado.<\/span><\/li>\n<li style=\"font-weight: 400;\" aria-level=\"1\"><span style=\"font-weight: 400;\">A solicitar la limitaci\u00f3n del tratamiento de sus datos, en algunos supuestos, en cuyo caso s\u00f3lo los conservaremos de acuerdo con la normativa vigente.<\/span><\/li>\n<li style=\"font-weight: 400;\" aria-level=\"1\"><span style=\"font-weight: 400;\">A portar tus datos, que te ser\u00e1n facilitados en un formato estructurado, de uso com\u00fan o lectura mec\u00e1nica. Si lo prefieres, se los podemos enviar al nuevo responsable que nos designes. S\u00f3lo es v\u00e1lido en determinados supuestos.<\/span><\/li>\n<li style=\"font-weight: 400;\" aria-level=\"1\"><span style=\"font-weight: 400;\">A presentar una reclamaci\u00f3n ante la Agencia Espa\u00f1ola de Protecci\u00f3n de Datos o autoridad de control competente, si crees que no te hemos atendido correctamente.<\/span><\/li>\n<li style=\"font-weight: 400;\" aria-level=\"1\"><span style=\"font-weight: 400;\">A revocar el consentimiento para cualquier tratamiento para el que hayas consentido, en cualquier momento.<\/span><\/li>\n<\/ul>\n<p><span style=\"font-weight: 400;\">Si modificas alg\u00fan dato, te agradecemos que nos lo comuniques para mantenerlos actualizados.<\/span><\/p>\n<p><b>\u00bfQuieres un formulario para el ejercicio de Derechos?<\/b><\/p>\n<ul>\n<li style=\"font-weight: 400;\" aria-level=\"1\"><span style=\"font-weight: 400;\">Tenemos formularios para el ejercicio de tus derechos, p\u00eddenoslos por\u00a0 email o si lo prefieres, puedes usar los elaborados por la Agencia Espa\u00f1ola de Protecci\u00f3n de Datos o terceros.<\/span><\/li>\n<li style=\"font-weight: 400;\" aria-level=\"1\"><span style=\"font-weight: 400;\">En el supuesto que en el que existan dudas razonables sobre la identidad del solicitante estos formularios deben ir firmados electr\u00f3nicamente o ser acompa\u00f1ados de fotocopia del DNI.<\/span><\/li>\n<li style=\"font-weight: 400;\" aria-level=\"1\"><span style=\"font-weight: 400;\">Los formularios pueden ser presentados presencialmente, enviados por carta o por mail en la direcci\u00f3n del Responsable al inicio de este texto.<\/span><\/li>\n<\/ul>\n<p><b>\u00bfCu\u00e1nto tardamos en contestarte al Ejercicio de Derechos?<\/b><\/p>\n<p><span style=\"font-weight: 400;\">Depende del derecho, pero como m\u00e1ximo en un mes desde tu solicitud, y dos meses si el tema es muy complejo y te notificamos que necesitamos m\u00e1s tiempo.<\/span><\/p>\n<p><b>\u00bfTratamos cookies?<\/b><\/p>\n<p><span style=\"font-weight: 400;\">Si usamos otro tipo de cookies que no sean las necesarias, podr\u00e1s consultar la pol\u00edtica de cookies en el enlace correspondiente desde el inicio de nuestra web.<\/span><\/p>\n<p><b>\u00bfDurante cu\u00e1nto tiempo vamos a mantener tus datos personales?<\/b><\/p>\n<ul>\n<li style=\"font-weight: 400;\" aria-level=\"1\"><span style=\"font-weight: 400;\">Los datos personales ser\u00e1n mantenidos mientras sigas vinculado con nosotros.<\/span><\/li>\n<li style=\"font-weight: 400;\" aria-level=\"1\"><span style=\"font-weight: 400;\">Una vez te desvincules, los datos personales tratados en cada finalidad se mantendr\u00e1n durante los plazos legalmente previstos, inclu\u00eddo el plazo en el que un juez o tribunal los pueda requerir atendiendo al plazo de prescripci\u00f3n de acciones judiciales.<\/span><\/li>\n<li style=\"font-weight: 400;\" aria-level=\"1\"><span style=\"font-weight: 400;\">Los datos tratados se mantendr\u00e1n en tanto no expiren los plazos legales aludidos anteriormente, si hubiera obligaci\u00f3n legal de mantenimiento, o de no existir ese plazo legal, hasta que el interesado solicite su supresi\u00f3n o revoque el consentimiento otorgado.<\/span><\/li>\n<li style=\"font-weight: 400;\" aria-level=\"1\"><span style=\"font-weight: 400;\">Mantendremos toda la informaci\u00f3n y comunicaciones relativas a tu compra o a la prestaci\u00f3n de nuestro servicio, mientras duren las garant\u00edas de los productos o servicios, para atender posibles reclamaciones.<\/span><\/li>\n<\/ul>\n<p><span style=\"font-weight: 400;\">Fecha de la \u00faltima modificaci\u00f3n: 12-07-2024<\/span><\/p>","protected":false},"excerpt":{"rendered":"<p>En cumplimiento de las obligaciones establecidas en la Ley Org\u00e1nica 3\/2018, de 5 de diciembre, de Protecci\u00f3n de Datos Personales y Garant\u00eda\u00a0 de los Derechos Digitales se le facilita la informaci\u00f3n relativa al tratamiento de sus datos personales:\u00a0 \u00bfQui\u00e9n es el responsable del tratamiento de tus datos? GABINO ALVAREZ GONZALEZ.\u00a0 CIF: 09437065G Domicilio: POL. IND. [&hellip;]<\/p>\n","protected":false},"author":1,"featured_media":0,"parent":0,"menu_order":0,"comment_status":"closed","ping_status":"closed","template":"","meta":{"footnotes":""},"class_list":["post-1076","page","type-page","status-publish","hentry"],"_links":{"self":[{"href":"https:\/\/cocinasllanes.com\/en\/wp-json\/wp\/v2\/pages\/1076","targetHints":{"allow":["GET"]}}],"collection":[{"href":"https:\/\/cocinasllanes.com\/en\/wp-json\/wp\/v2\/pages"}],"about":[{"href":"https:\/\/cocinasllanes.com\/en\/wp-json\/wp\/v2\/types\/page"}],"author":[{"embeddable":true,"href":"https:\/\/cocinasllanes.com\/en\/wp-json\/wp\/v2\/users\/1"}],"replies":[{"embeddable":true,"href":"https:\/\/cocinasllanes.com\/en\/wp-json\/wp\/v2\/comments?post=1076"}],"version-history":[{"count":1,"href":"https:\/\/cocinasllanes.com\/en\/wp-json\/wp\/v2\/pages\/1076\/revisions"}],"predecessor-version":[{"id":1077,"href":"https:\/\/cocinasllanes.com\/en\/wp-json\/wp\/v2\/pages\/1076\/revisions\/1077"}],"wp:attachment":[{"href":"https:\/\/cocinasllanes.com\/en\/wp-json\/wp\/v2\/media?parent=1076"}],"curies":[{"name":"wp","href":"https:\/\/api.w.org\/{rel}","templated":true}]}}